{"id":6171,"date":"2026-02-27T21:54:15","date_gmt":"2026-02-27T21:54:15","guid":{"rendered":"https:\/\/jj-system.com\/?post_type=product&#038;p=6171"},"modified":"2026-02-27T21:54:15","modified_gmt":"2026-02-27T21:54:15","slug":"lenovo-500e-chromebook-gen-3-11-intel","status":"publish","type":"product","link":"https:\/\/jj-system.com\/es\/product\/lenovo-500e-chromebook-gen-3-11-intel\/","title":{"rendered":"Lenovo 500e Chromebook Gen 3 (11&#8243; Intel)"},"content":{"rendered":"<p>El ligero y resistente Chromebook 500e de Lenovo de 3.\u00aa generaci\u00f3n (11&#8243;, Intel) es un compa\u00f1ero creativo para los estudiantes tanto en el aula como en casa. Con cuatro modos convertibles, dos c\u00e1maras, WiFi 6 y un l\u00e1piz opcional integrado, este 2 en 1 es perfecto para consultar datos, aprender y compartir contenido. La bater\u00eda dura todo el d\u00eda. Adem\u00e1s, la tecnolog\u00eda 4G opcional es fabulosa para aprender sobre la marcha.<\/p>","protected":false},"excerpt":{"rendered":"<p>El ligero y resistente Chromebook 500e de Lenovo de 3.\u00aa generaci\u00f3n (11&#8243;, Intel) es un compa\u00f1ero creativo para los estudiantes tanto en el aula como en casa. Con cuatro modos convertibles, dos c\u00e1maras, WiFi 6 y un l\u00e1piz opcional integrado, este 2 en 1 es perfecto para consultar datos, aprender y compartir contenido. La bater\u00eda dura todo el d\u00eda. Adem\u00e1s, la tecnolog\u00eda 4G opcional es fabulosa para aprender sobre la marcha.<\/p>","protected":false},"featured_media":6169,"template":"","meta":{"site-sidebar-layout":"default","site-content-layout":"","ast-site-content-layout":"default","site-content-style":"default","site-sidebar-style":"default","ast-global-header-display":"","ast-banner-title-visibility":"","ast-main-header-display":"","ast-hfb-above-header-display":"","ast-hfb-below-header-display":"","ast-hfb-mobile-header-display":"","site-post-title":"","ast-breadcrumbs-content":"","ast-featured-img":"","footer-sml-layout":"","ast-disable-related-posts":"","theme-transparent-header-meta":"default","adv-header-id-meta":"","stick-header-meta":"","header-above-stick-meta":"","header-main-stick-meta":"","header-below-stick-meta":"","astra-migrate-meta-layouts":"set","ast-page-background-enabled":"default","ast-page-background-meta":{"desktop":{"background-color":"","background-image":"","background-repeat":"repeat","background-position":"center center","background-size":"auto","background-attachment":"scroll","background-type":"","background-media":"","overlay-type":"","overlay-color":"","overlay-opacity":"","overlay-gradient":""},"tablet":{"background-color":"","background-image":"","background-repeat":"repeat","background-position":"center center","background-size":"auto","background-attachment":"scroll","background-type":"","background-media":"","overlay-type":"","overlay-color":"","overlay-opacity":"","overlay-gradient":""},"mobile":{"background-color":"","background-image":"","background-repeat":"repeat","background-position":"center center","background-size":"auto","background-attachment":"scroll","background-type":"","background-media":"","overlay-type":"","overlay-color":"","overlay-opacity":"","overlay-gradient":""}},"ast-content-background-meta":{"desktop":{"background-color":"var(--ast-global-color-5)","background-image":"","background-repeat":"repeat","background-position":"center center","background-size":"auto","background-attachment":"scroll","background-type":"","background-media":"","overlay-type":"","overlay-color":"","overlay-opacity":"","overlay-gradient":""},"tablet":{"background-color":"var(--ast-global-color-5)","background-image":"","background-repeat":"repeat","background-position":"center center","background-size":"auto","background-attachment":"scroll","background-type":"","background-media":"","overlay-type":"","overlay-color":"","overlay-opacity":"","overlay-gradient":""},"mobile":{"background-color":"var(--ast-global-color-5)","background-image":"","background-repeat":"repeat","background-position":"center center","background-size":"auto","background-attachment":"scroll","background-type":"","background-media":"","overlay-type":"","overlay-color":"","overlay-opacity":"","overlay-gradient":""}}},"product_brand":[115],"product_cat":[109],"product_tag":[],"class_list":{"0":"post-6171","1":"product","2":"type-product","3":"status-publish","4":"has-post-thumbnail","6":"product_brand-lenovo","7":"product_cat-laptops","8":"desktop-align-left","9":"tablet-align-left","10":"mobile-align-left","12":"first","13":"instock","14":"shipping-taxable","15":"purchasable","16":"product-type-simple"},"_links":{"self":[{"href":"https:\/\/jj-system.com\/es\/wp-json\/wp\/v2\/product\/6171","targetHints":{"allow":["GET"]}}],"collection":[{"href":"https:\/\/jj-system.com\/es\/wp-json\/wp\/v2\/product"}],"about":[{"href":"https:\/\/jj-system.com\/es\/wp-json\/wp\/v2\/types\/product"}],"wp:featuredmedia":[{"embeddable":true,"href":"https:\/\/jj-system.com\/es\/wp-json\/wp\/v2\/media\/6169"}],"wp:attachment":[{"href":"https:\/\/jj-system.com\/es\/wp-json\/wp\/v2\/media?parent=6171"}],"wp:term":[{"taxonomy":"product_brand","embeddable":true,"href":"https:\/\/jj-system.com\/es\/wp-json\/wp\/v2\/product_brand?post=6171"},{"taxonomy":"product_cat","embeddable":true,"href":"https:\/\/jj-system.com\/es\/wp-json\/wp\/v2\/product_cat?post=6171"},{"taxonomy":"product_tag","embeddable":true,"href":"https:\/\/jj-system.com\/es\/wp-json\/wp\/v2\/product_tag?post=6171"}],"curies":[{"name":"wp","href":"https:\/\/api.w.org\/{rel}","templated":true}]}}